{"id":875,"date":"2023-04-13T08:20:58","date_gmt":"2023-04-13T07:20:58","guid":{"rendered":"https:\/\/tido.fberg.tuke.sk\/?page_id=875"},"modified":"2023-05-16T08:41:44","modified_gmt":"2023-05-16T07:41:44","slug":"vystupy","status":"publish","type":"page","link":"https:\/\/tido.fberg.tuke.sk\/en\/vystupy\/","title":{"rendered":"Outputs"},"content":{"rendered":"<table style=\"border-collapse: collapse;\" border=\"1\">\n<tbody>\n<tr>\n<th>N\u00e1zov pl\u00e1novan\u00e9ho v\u00fdstupu<\/th>\n<th>Opis pl\u00e1novan\u00e9ho v\u00fdstupu<\/th>\n<th>Realiz\u00e1tor v\u00fdstupu (n\u00e1zov pracoviska ved\u00faceho projektu alebo n\u00e1zov spolupracuj\u00faceho pracoviska)<\/th>\n<th>Rok realiz\u00e1cie pl\u00e1novan\u00e9ho v\u00fdstupu<\/th>\n<\/tr>\n<tr>\n<td>\u0160t\u00fadia<\/td>\n<td>Zhodnotenie s\u00fa\u010dasn\u00e9ho stavu V\u0160 vzdel\u00e1vania a celo\u017eivotn\u00e9ho vzdel\u00e1vania v odbore doprava v nadv\u00e4znosti na digit\u00e1lne kompetencie a zru\u010dnosti (Rozsah 15 str\u00e1n).<\/td>\n<td>FBERG TUKE, LF TUKE<\/td>\n<td>2023<\/td>\n<\/tr>\n<tr>\n<td>Workshop<\/td>\n<td>T\u00e9ma: Digit\u00e1lne vzdel\u00e1vanie v odbore doprava na vysok\u00fdch \u0161kol\u00e1ch v SR a v E\u00da<\/td>\n<td>FBERG TUKE, LF TUKE<\/td>\n<td>2023<\/td>\n<\/tr>\n<tr>\n<td>Nov\u00e9 v\u00fdskumno-eduka\u010dn\u00e9 centrum<\/td>\n<td>Vybudovanie \u0161pecializovan\u00e9ho interakt\u00edvneho V\u00fdskumno &#8211; eduka\u010dn\u00e9ho centra komplexnej diagnostiky dopravn\u00edkov a prvkov dopravn\u00fdch (VEC KoDiD) &#8211; mont\u00e1\u017e komplexn\u00e9ho diagnost\u00edck\u00e9ho syst\u00e9mu, napojenie on-line zberu \u00fadajov, vnorenie RFID tagov do ekologicky prijate\u013en\u00fdch dopravn\u00edkov a pneumat\u00edk.<\/td>\n<td>FBERG TUKE, FEI TUKE<\/td>\n<td>2023<\/td>\n<\/tr>\n<tr>\n<td>1. Pilotn\u00fd tr\u00e9ning &#8211; obsahov\u00e1 pr\u00edprava<\/td>\n<td>Tvorba odborn\u00e9ho obsahu a rozsahu pilotn\u00e9ho tr\u00e9ningu vo VEC KoDiD so zameran\u00edm na senzorick\u00e9 technol\u00f3gie (magnetick\u00e9 zna\u010dky)<\/td>\n<td>FBERG TUKE, LF TUKE, FEI TUKE, Rektor\u00e1t &#8211; \u00dastav jazykov, spolo\u010densk\u00fdch vied a akademick\u00e9ho \u0161portu<\/td>\n<td>2023<\/td>\n<\/tr>\n<\/tbody>\n<\/table>","protected":false},"excerpt":{"rendered":"<p>N\u00e1zov pl\u00e1novan\u00e9ho v\u00fdstupu Opis pl\u00e1novan\u00e9ho v\u00fdstupu Realiz\u00e1tor v\u00fdstupu (n\u00e1zov pracoviska ved\u00faceho projektu alebo n\u00e1zov spolupracuj\u00faceho pracoviska) Rok realiz\u00e1cie pl\u00e1novan\u00e9ho v\u00fdstupu \u0160t\u00fadia Zhodnotenie s\u00fa\u010dasn\u00e9ho stavu V\u0160 vzdel\u00e1vania a celo\u017eivotn\u00e9ho vzdel\u00e1vania v odbore doprava v nadv\u00e4znosti na digit\u00e1lne kompetencie a zru\u010dnosti (Rozsah &hellip;<\/p>\n<p class=\"read-more\"> <a class=\"more-link\" href=\"https:\/\/tido.fberg.tuke.sk\/en\/vystupy\/\"> <span class=\"screen-reader-text\">Outputs<\/span> Read More &raquo;<\/a><\/p>","protected":false},"author":1,"featured_media":0,"parent":0,"menu_order":0,"comment_status":"closed","ping_status":"closed","template":"","meta":[],"_links":{"self":[{"href":"https:\/\/tido.fberg.tuke.sk\/en\/wp-json\/wp\/v2\/pages\/875"}],"collection":[{"href":"https:\/\/tido.fberg.tuke.sk\/en\/wp-json\/wp\/v2\/pages"}],"about":[{"href":"https:\/\/tido.fberg.tuke.sk\/en\/wp-json\/wp\/v2\/types\/page"}],"author":[{"embeddable":true,"href":"https:\/\/tido.fberg.tuke.sk\/en\/wp-json\/wp\/v2\/users\/1"}],"replies":[{"embeddable":true,"href":"https:\/\/tido.fberg.tuke.sk\/en\/wp-json\/wp\/v2\/comments?post=875"}],"version-history":[{"count":2,"href":"https:\/\/tido.fberg.tuke.sk\/en\/wp-json\/wp\/v2\/pages\/875\/revisions"}],"predecessor-version":[{"id":895,"href":"https:\/\/tido.fberg.tuke.sk\/en\/wp-json\/wp\/v2\/pages\/875\/revisions\/895"}],"wp:attachment":[{"href":"https:\/\/tido.fberg.tuke.sk\/en\/wp-json\/wp\/v2\/media?parent=875"}],"curies":[{"name":"wp","href":"https:\/\/api.w.org\/{rel}","templated":true}]}}