{"id":877,"date":"2023-04-13T08:26:32","date_gmt":"2023-04-13T07:26:32","guid":{"rendered":"https:\/\/tido.fberg.tuke.sk\/?page_id=877"},"modified":"2023-05-16T08:45:45","modified_gmt":"2023-05-16T07:45:45","slug":"riesitelsky-kolektiv","status":"publish","type":"page","link":"https:\/\/tido.fberg.tuke.sk\/en\/riesitelsky-kolektiv\/","title":{"rendered":"Rie\u0161ite\u013esk\u00fd kolekt\u00edv"},"content":{"rendered":"<p><span style=\"text-decoration: underline;\"><strong>Medzin\u00e1rodn\u00e1 spolupr\u00e1ca<\/strong><\/span><\/p>\n<p><strong>N\u00e1zov pracoviska\/in\u0161tit\u00facie<\/strong><br \/>\nVysok\u00e1 \u0161kola bansk\u00e1 &#8211; Technick\u00e1 univerzita Ostrava<br \/>\n<strong>Adresa pracoviska\/in\u0161tit\u00facie<\/strong><br \/>\n17. listopadu, 708 33 Ostrava Poruba, \u010cesk\u00e1 republika<br \/>\n<strong>Kontaktn\u00e1 osoba (meno, priezvisko a tituly)<\/strong><br \/>\nDoc. Ing. Robert Br\u00e1zda, PhD.<br \/>\n<strong>Opis spolupr\u00e1ce pri rie\u0161en\u00ed projektu<\/strong><br \/>\nSpolupr\u00e1ca v oblasti monitorovania a merania fyzik\u00e1lno-mechanick\u00fdch a \u0161peci\u00e1lnych vlastnost\u00ed inteligentn\u00fdch pneumat\u00edk a v oblasti digit\u00e1lneho vzdel\u00e1vania.<\/p>\n<p><strong>N\u00e1zov pracoviska\/in\u0161tit\u00facie<\/strong><br \/>\nWroclaw University of Technology<br \/>\n<strong>Adresa pracoviska\/in\u0161tit\u00facie<\/strong><br \/>\npl. Teatralny 2, 50 051 Wroclav, Po\u013esk\u00e1 republika<br \/>\n<strong>Kontaktn\u00e1 osoba (meno, priezvisko a tituly)<\/strong><br \/>\nprof. Ing. Monika Hardygora<br \/>\n<strong>Opis spolupr\u00e1ce pri rie\u0161en\u00ed projektu<\/strong><br \/>\nSpolupr\u00e1ca v oblasti experiment\u00e1lneho testovania inteligentn\u00fdch dopravn\u00fdch p\u00e1sov\u00fdch pre potrubn\u00e9 dopravn\u00edky.<\/p>\n<p><strong>N\u00e1zov pracoviska\/in\u0161tit\u00facie<\/strong><br \/>\nThe University of Dabrowa Gornicza<br \/>\n<strong>Adresa pracoviska\/in\u0161tit\u00facie<\/strong><br \/>\nCieplaka Street 1c, 41 300 Dabrowa G\u00f3rnicza, Poland<br \/>\n<strong>Kontaktn\u00e1 osoba (meno, priezvisko a tituly)<\/strong><br \/>\nprof. Wlodimir Sroka<br \/>\n<strong>Opis spolupr\u00e1ce pri rie\u0161en\u00ed projektu<\/strong><br \/>\nSpolupr\u00e1ca v oblasti inova\u010dn\u00fdch met\u00f3d vo vzdel\u00e1van\u00ed na platforme MOODLE.<\/p>","protected":false},"excerpt":{"rendered":"<p>Medzin\u00e1rodn\u00e1 spolupr\u00e1ca N\u00e1zov pracoviska\/in\u0161tit\u00facie Vysok\u00e1 \u0161kola bansk\u00e1 &#8211; Technick\u00e1 univerzita Ostrava Adresa pracoviska\/in\u0161tit\u00facie 17. listopadu, 708 33 Ostrava Poruba, \u010cesk\u00e1 republika Kontaktn\u00e1 osoba (meno, priezvisko a tituly) Doc. Ing. Robert Br\u00e1zda, PhD. Opis spolupr\u00e1ce pri rie\u0161en\u00ed projektu Spolupr\u00e1ca v oblasti &hellip;<\/p>\n<p class=\"read-more\"> <a class=\"more-link\" href=\"https:\/\/tido.fberg.tuke.sk\/en\/riesitelsky-kolektiv\/\"> <span class=\"screen-reader-text\">Rie\u0161ite\u013esk\u00fd kolekt\u00edv<\/span> Read More &raquo;<\/a><\/p>","protected":false},"author":1,"featured_media":0,"parent":0,"menu_order":0,"comment_status":"closed","ping_status":"closed","template":"","meta":[],"_links":{"self":[{"href":"https:\/\/tido.fberg.tuke.sk\/en\/wp-json\/wp\/v2\/pages\/877"}],"collection":[{"href":"https:\/\/tido.fberg.tuke.sk\/en\/wp-json\/wp\/v2\/pages"}],"about":[{"href":"https:\/\/tido.fberg.tuke.sk\/en\/wp-json\/wp\/v2\/types\/page"}],"author":[{"embeddable":true,"href":"https:\/\/tido.fberg.tuke.sk\/en\/wp-json\/wp\/v2\/users\/1"}],"replies":[{"embeddable":true,"href":"https:\/\/tido.fberg.tuke.sk\/en\/wp-json\/wp\/v2\/comments?post=877"}],"version-history":[{"count":3,"href":"https:\/\/tido.fberg.tuke.sk\/en\/wp-json\/wp\/v2\/pages\/877\/revisions"}],"predecessor-version":[{"id":897,"href":"https:\/\/tido.fberg.tuke.sk\/en\/wp-json\/wp\/v2\/pages\/877\/revisions\/897"}],"wp:attachment":[{"href":"https:\/\/tido.fberg.tuke.sk\/en\/wp-json\/wp\/v2\/media?parent=877"}],"curies":[{"name":"wp","href":"https:\/\/api.w.org\/{rel}","templated":true}]}}