{"id":879,"date":"2023-04-13T08:27:03","date_gmt":"2023-04-13T07:27:03","guid":{"rendered":"https:\/\/tido.fberg.tuke.sk\/?page_id=879"},"modified":"2023-05-16T08:52:54","modified_gmt":"2023-05-16T07:52:54","slug":"publikacie","status":"publish","type":"page","link":"https:\/\/tido.fberg.tuke.sk\/en\/publikacie\/","title":{"rendered":"Publik\u00e1cie"},"content":{"rendered":"<p><span style=\"text-decoration: underline;\"><strong>Publika\u010dn\u00e1 a umeleck\u00e1 \u010dinnos\u0165, ocenenia, realizovan\u00e9 projekty<\/strong><\/span><\/p>\n<p><strong>ved\u00faci projektu prof. Ing. Daniela Marasov\u00e1, CSc.<\/strong><\/p>\n<p><strong>Projekty v\u00fdskumu a v\u00fdvoja, ktor\u00fdm bola v minulosti poskytnut\u00e1 finan\u010dn\u00e1 dot\u00e1cia:<\/strong><br \/>\nDom\u00e1ce: \u00e1no<br \/>\nZahrani\u010dn\u00e9: \u00e1no<br \/>\n<strong>N\u00e1zov dom\u00e1cej organiz\u00e1cie, ktor\u00e1 finan\u010dn\u00fa dot\u00e1ciu poskytla:<\/strong> KEGA, VEGA, APVV<br \/>\n<strong>Podie\u013eal\/podie\u013ea sa na rie\u0161en\u00ed projektu ako:<\/strong> ved\u00faci projektu<br \/>\n<strong>N\u00e1zov zahrani\u010dnej organiz\u00e1cie, ktor\u00e1 finan\u010dn\u00fa dot\u00e1ciu poskytla:<\/strong> APVV<br \/>\n<strong>Podie\u013eal\/podie\u013ea sa na rie\u0161en\u00ed projektu ako:<\/strong> ved\u00faci projektu<br \/>\n<strong>Najv\u00fdznamnej\u0161ie uznanie vedeck\u00fdch v\u00fdsledkov ved\u00faceho projektu:<\/strong><br \/>\nRealiz\u00e1cia vedecko-v\u00fdskumn\u00fdch, eduka\u010dn\u00fdch projektov s \u00faspe\u0161n\u00fdm ukon\u010den\u00edm a dosiahnut\u00edm stanoven\u00fdch cie\u013eov projektov. Vedenie projektov v poz\u00edci\u00ed ved\u00faceho projektu:<br \/>\n&#8211; N\u00e1vrh \u0161pecializovan\u00e9ho \u0161koliaceho konceptu orientovan\u00e9ho na rozvoj experiment\u00e1lnych zru\u010dnost\u00ed v r\u00e1mci eduk\u00e1cie v odbore logistika (KEGA 009TUKE-4\/2016, 1\/2016-12\/2018, ciele boli<br \/>\nsplnen\u00e9 v\u00fdborne).<br \/>\n&#8211; N\u00e1vrh logistick\u00fdch n\u00e1strojov pre projektovanie dopravn\u00fdch syst\u00e9mov na b\u00e1ze zelenej logistiky (APVV SK-SRB-2016-0053, 1\/2017-12\/2018).<br \/>\n&#8211; Univerzitn\u00fd vedeck\u00fd park TECHNICOM pre inova\u010dn\u00e9 aplik\u00e1cie s podporou znalostn\u00fdch technol\u00f3gi\u00ed (projekt opera\u010dn\u00e9ho programu V\u00fdskum a v\u00fdvoj, 07\/2013-12\/2015), ved\u00faci aktivity PP2: Testovacie a verifika\u010dn\u00e9 pracovisko gum\u00e1rensk\u00fdch v\u00fdrobkov.<br \/>\n&#8211; Vyu\u017e\u00edvanie dom\u00e1cich surov\u00edn a zdrojov. T\u00e9ma 5: V\u00fdskum a v\u00fdvoj ekologick\u00fdch syst\u00e9mov dopravy a logistiky a ich aplik\u00e1cia v \u0165a\u017ebe a spracovan\u00ed nerudn\u00fdch surov\u00edn (\u0160t\u00e1tny program v\u00fdskumu a v\u00fdvoja, 1\/2003-12\/2006).<br \/>\n&#8211; Informa\u010dn\u00e9 syst\u00e9my a ich vyu\u017e\u00edvanie pri riaden\u00ed dopravy nerastn\u00fdch surov\u00edn (Srbsko-Slovensk\u00fd projekt, 1\/2008-12\/2009).<br \/>\n&#8211; N\u00e1vrh logistick\u00e9ho modelu \u0165a\u017eobn\u00e9ho podniku s aplik\u00e1ciou princ\u00edpov dopravnej a reverznej logistiky (Srbsko-Slovensk\u00fd projekt, 1\/2010-12\/2011).<br \/>\n&#8211; N\u00e1vrh modelu integrovan\u00e9ho dopravn\u00e9ho syst\u00e9mu nerastn\u00fdch surov\u00edn riaden\u00e9ho informa\u010dn\u00fdm syst\u00e9mom s implement\u00e1ciou zelenej logistiky (1\/0864\/10).<br \/>\n&#8211; Transfer poznatkov z laborat\u00f3rnych experimentov a matematick\u00fdch modelov do tvorby znalostn\u00e9ho syst\u00e9mu prehodnotenie kvality environment\u00e1lne prijate\u013en\u00fdch dopravn\u00fdch p\u00e1sov (VEGA 1\/0577\/17, 2017-2020).<br \/>\n&#8211; Hirschov index =14 vo WOSe, Hirschov index = 15 v SCOPUSe.<\/p>","protected":false},"excerpt":{"rendered":"<p>Publika\u010dn\u00e1 a umeleck\u00e1 \u010dinnos\u0165, ocenenia, realizovan\u00e9 projekty ved\u00faci projektu prof. Ing. Daniela Marasov\u00e1, CSc. Projekty v\u00fdskumu a v\u00fdvoja, ktor\u00fdm bola v minulosti poskytnut\u00e1 finan\u010dn\u00e1 dot\u00e1cia: Dom\u00e1ce: \u00e1no Zahrani\u010dn\u00e9: \u00e1no N\u00e1zov dom\u00e1cej organiz\u00e1cie, ktor\u00e1 finan\u010dn\u00fa dot\u00e1ciu poskytla: KEGA, VEGA, APVV Podie\u013eal\/podie\u013ea &hellip;<\/p>\n<p class=\"read-more\"> <a class=\"more-link\" href=\"https:\/\/tido.fberg.tuke.sk\/en\/publikacie\/\"> <span class=\"screen-reader-text\">Publik\u00e1cie<\/span> Read More &raquo;<\/a><\/p>","protected":false},"author":1,"featured_media":0,"parent":0,"menu_order":0,"comment_status":"closed","ping_status":"closed","template":"","meta":[],"_links":{"self":[{"href":"https:\/\/tido.fberg.tuke.sk\/en\/wp-json\/wp\/v2\/pages\/879"}],"collection":[{"href":"https:\/\/tido.fberg.tuke.sk\/en\/wp-json\/wp\/v2\/pages"}],"about":[{"href":"https:\/\/tido.fberg.tuke.sk\/en\/wp-json\/wp\/v2\/types\/page"}],"author":[{"embeddable":true,"href":"https:\/\/tido.fberg.tuke.sk\/en\/wp-json\/wp\/v2\/users\/1"}],"replies":[{"embeddable":true,"href":"https:\/\/tido.fberg.tuke.sk\/en\/wp-json\/wp\/v2\/comments?post=879"}],"version-history":[{"count":3,"href":"https:\/\/tido.fberg.tuke.sk\/en\/wp-json\/wp\/v2\/pages\/879\/revisions"}],"predecessor-version":[{"id":899,"href":"https:\/\/tido.fberg.tuke.sk\/en\/wp-json\/wp\/v2\/pages\/879\/revisions\/899"}],"wp:attachment":[{"href":"https:\/\/tido.fberg.tuke.sk\/en\/wp-json\/wp\/v2\/media?parent=879"}],"curies":[{"name":"wp","href":"https:\/\/api.w.org\/{rel}","templated":true}]}}