{"id":916,"date":"2024-11-04T14:14:30","date_gmt":"2024-11-04T13:14:30","guid":{"rendered":"https:\/\/tido.fberg.tuke.sk\/?page_id=916"},"modified":"2026-01-22T10:43:43","modified_gmt":"2026-01-22T09:43:43","slug":"databaza-treningov","status":"publish","type":"page","link":"https:\/\/tido.fberg.tuke.sk\/en\/databaza-treningov\/","title":{"rendered":"Datab\u00e1za tr\u00e9ningov"},"content":{"rendered":"<ol>\n<li>Pilotn\u00fd tr\u00e9ning so zameran\u00edm na senzorick\u00e9 technol\u00f3gie &#8211; testovanie r\u00e1zovej odolnosti\n<p><video controls=\"controls\" width=\"100%\" ><span style=\"display: inline-block; width: 0px; overflow: hidden; line-height: 0;\" data-mce-type=\"bookmark\" class=\"mce_SELRES_start\"><\/span><source src=\"https:\/\/tido.fberg.tuke.sk\/wp-content\/uploads\/1.Pilotny_trening_so_zameranim_na_senzoricke_technologie_\u2013_testovanie_razovej_odolnosti.mp4\" type=\"video\/mp4\" \/><\/video><\/p>\n<\/li>\n<li>Pilotn\u00fd tr\u00e9ning so zameran\u00edm na RFID technol\u00f3gie &#8211; zber \u00fadajov z potrubn\u00e9ho dopravn\u00edka s implementovan\u00fdmi RFID tagmi\n<p><video controls=\"controls\" width=\"100%\" ><span style=\"display: inline-block; width: 0px; overflow: hidden; line-height: 0;\" data-mce-type=\"bookmark\" class=\"mce_SELRES_start\"><\/span><source src=\"https:\/\/tido.fberg.tuke.sk\/wp-content\/uploads\/2.Pilotny_trening_so_zameranim_na_RFID_technologie_\u2013_zber_udajov_z_potrubneho_dopravnika_s_implementovanymi_RFID_tagmi.mp4\" type=\"video\/mp4\" \/><\/video><\/p>\n<\/li>\n<li>Pr\u00edprava vzoriek na testovanie pevnosti v \u0165ahu\n<p><video controls=\"controls\" width=\"100%\" ><span style=\"display: inline-block; width: 0px; overflow: hidden; line-height: 0;\" data-mce-type=\"bookmark\" class=\"mce_SELRES_start\"><\/span><source src=\"https:\/\/tido.fberg.tuke.sk\/wp-content\/uploads\/3.Priprava_vzoriek_na_testovanie_pevnosti_v_tahu.mp4\" type=\"video\/mp4\" \/><\/video><\/p>\n<\/li>\n<li>Pr\u00edprava vzoriek na testovanie ur\u00fdchlen\u00e9ho tepeln\u00e9ho starnutia\n<p><video controls=\"controls\" width=\"100%\" ><span style=\"display: inline-block; width: 0px; overflow: hidden; line-height: 0;\" data-mce-type=\"bookmark\" class=\"mce_SELRES_start\"><\/span><source src=\"https:\/\/tido.fberg.tuke.sk\/wp-content\/uploads\/4.Priprava_vzoriek_na_testovanie_urychleneho_tepelneho_starnutia.mp4\" type=\"video\/mp4\" \/><\/video><\/p>\n<\/li>\n<li>Pilotn\u00fd tr\u00e9ning so zameran\u00edm na meranie vibr\u00e1ci\u00ed dopravn\u00edkov\n<p><video controls=\"controls\" width=\"100%\" ><span style=\"display: inline-block; width: 0px; overflow: hidden; line-height: 0;\" data-mce-type=\"bookmark\" class=\"mce_SELRES_start\"><\/span><source src=\"https:\/\/tido.fberg.tuke.sk\/wp-content\/uploads\/5.Pilotny_trening_so_zameranim_na_meranie_vibracii_dopravnikov.mp4\" type=\"video\/mp4\" \/><\/video><\/p>\n<\/li>\n<li>Pilotn\u00fd tr\u00e9ning so zameran\u00edm na meranie hluku\n<p><video controls=\"controls\" width=\"100%\" ><span style=\"display: inline-block; width: 0px; overflow: hidden; line-height: 0;\" data-mce-type=\"bookmark\" class=\"mce_SELRES_start\"><\/span><source src=\"https:\/\/tido.fberg.tuke.sk\/wp-content\/uploads\/6.Pilotny_trening_so_zameranim_na_meranie_hluku.mp4\" type=\"video\/mp4\" \/><\/video><\/p>\n<\/li>\n<\/ol>","protected":false},"excerpt":{"rendered":"<p>Pilotn\u00fd tr\u00e9ning so zameran\u00edm na senzorick\u00e9 technol\u00f3gie &#8211; testovanie r\u00e1zovej odolnosti \ufeff Pilotn\u00fd tr\u00e9ning so zameran\u00edm na RFID technol\u00f3gie &#8211; zber \u00fadajov z potrubn\u00e9ho dopravn\u00edka s implementovan\u00fdmi RFID tagmi \ufeff Pr\u00edprava vzoriek na testovanie pevnosti v \u0165ahu \ufeff Pr\u00edprava vzoriek &hellip;<\/p>\n<p class=\"read-more\"> <a class=\"more-link\" href=\"https:\/\/tido.fberg.tuke.sk\/en\/databaza-treningov\/\"> <span class=\"screen-reader-text\">Datab\u00e1za tr\u00e9ningov<\/span> Read More &raquo;<\/a><\/p>","protected":false},"author":1,"featured_media":0,"parent":0,"menu_order":0,"comment_status":"closed","ping_status":"closed","template":"","meta":[],"_links":{"self":[{"href":"https:\/\/tido.fberg.tuke.sk\/en\/wp-json\/wp\/v2\/pages\/916"}],"collection":[{"href":"https:\/\/tido.fberg.tuke.sk\/en\/wp-json\/wp\/v2\/pages"}],"about":[{"href":"https:\/\/tido.fberg.tuke.sk\/en\/wp-json\/wp\/v2\/types\/page"}],"author":[{"embeddable":true,"href":"https:\/\/tido.fberg.tuke.sk\/en\/wp-json\/wp\/v2\/users\/1"}],"replies":[{"embeddable":true,"href":"https:\/\/tido.fberg.tuke.sk\/en\/wp-json\/wp\/v2\/comments?post=916"}],"version-history":[{"count":8,"href":"https:\/\/tido.fberg.tuke.sk\/en\/wp-json\/wp\/v2\/pages\/916\/revisions"}],"predecessor-version":[{"id":931,"href":"https:\/\/tido.fberg.tuke.sk\/en\/wp-json\/wp\/v2\/pages\/916\/revisions\/931"}],"wp:attachment":[{"href":"https:\/\/tido.fberg.tuke.sk\/en\/wp-json\/wp\/v2\/media?parent=916"}],"curies":[{"name":"wp","href":"https:\/\/api.w.org\/{rel}","templated":true}]}}